{"id":1417,"date":"2025-02-20T10:51:03","date_gmt":"2025-02-20T10:51:03","guid":{"rendered":"https:\/\/orange-swan-396485.hostingersite.com\/?page_id=1417"},"modified":"2025-02-21T09:56:04","modified_gmt":"2025-02-21T09:56:04","slug":"juridica","status":"publish","type":"page","link":"https:\/\/grupoinvesnex.com\/en\/juridica\/","title":{"rendered":"Jur\u00eddica"},"content":{"rendered":"<div class=\"wp-block-uagb-container uagb-block-f5101158 alignfull uagb-is-root-container\"><div class=\"uagb-container-inner-blocks-wrap\">\n<hr class=\"wp-block-separator has-text-color has-ast-global-color-0-color has-alpha-channel-opacity has-ast-global-color-0-background-color has-background\"\/>\n\n\n\n<hr class=\"wp-block-separator has-text-color has-ast-global-color-0-color has-alpha-channel-opacity has-ast-global-color-0-background-color has-background\" style=\"margin-top:var(--wp--preset--spacing--50);margin-bottom:var(--wp--preset--spacing--50)\"\/>\n\n\n\n<div class=\"wp-block-uagb-advanced-heading uagb-block-f650401f\"><h1 class=\"uagb-heading-text\">Servicios<\/h1><\/div>\n\n\n\n<hr class=\"wp-block-separator has-text-color has-ast-global-color-0-color has-alpha-channel-opacity has-ast-global-color-0-background-color has-background\" style=\"margin-top:var(--wp--preset--spacing--50);margin-bottom:var(--wp--preset--spacing--50)\"\/>\n<\/div><\/div>\n\n\n\n<p><\/p>\n\n\n\n<div class=\"wp-block-uagb-container uagb-block-1f51b079 alignfull uagb-is-root-container\"><div class=\"uagb-container-inner-blocks-wrap\">\n<div class=\"wp-block-uagb-container uagb-block-c20ac219\">\n<div class=\"wp-block-uagb-container uagb-block-ce0417c7\">\n<div class=\"wp-block-buttons is-content-justification-center is-layout-flex wp-container-core-buttons-is-layout-1 wp-block-buttons-is-layout-flex\">\n<div class=\"wp-block-button has-custom-width wp-block-button__width-75\"><a class=\"wp-block-button__link wp-element-button\" href=\"https:\/\/grupoinvesnex.com\/fiscal-tributario\/\">Fiscal &#8211; Tributario<\/a><\/div>\n\n\n\n<div class=\"wp-block-button has-custom-width wp-block-button__width-75 is-style-fill\"><a class=\"wp-block-button__link wp-element-button\" href=\"https:\/\/grupoinvesnex.com\/laboral\/\">Laboral<\/a><\/div>\n\n\n\n<div class=\"wp-block-button has-custom-width wp-block-button__width-75\"><a class=\"wp-block-button__link wp-element-button\" href=\"https:\/\/grupoinvesnex.com\/contable\/\">Contable<\/a><\/div>\n\n\n\n<div class=\"wp-block-button has-custom-width wp-block-button__width-75\"><a class=\"wp-block-button__link wp-element-button\" href=\"https:\/\/grupoinvesnex.com\/juridica\/\">Jur\u00eddica<\/a><\/div>\n\n\n\n<div class=\"wp-block-button has-custom-width wp-block-button__width-75\"><a class=\"wp-block-button__link wp-element-button\" href=\"https:\/\/grupoinvesnex.com\/financiera\/\">Financiera<\/a><\/div>\n\n\n\n<div class=\"wp-block-button has-custom-width wp-block-button__width-75\"><a class=\"wp-block-button__link wp-element-button\" href=\"https:\/\/grupoinvesnex.com\/consultoria-estrategica\/\">Consultor\u00eda estrat\u00e9gica<\/a><\/div>\n\n\n\n<div class=\"wp-block-button has-custom-width wp-block-button__width-75\"><a class=\"wp-block-button__link wp-element-button\" href=\"https:\/\/grupoinvesnex.com\/asesoria-mercantil\/\">asesor\u00eda mercant\u00edl<\/a><\/div>\n\n\n\n<div class=\"wp-block-button has-custom-width wp-block-button__width-75\"><a class=\"wp-block-button__link wp-element-button\" href=\"https:\/\/grupoinvesnex.com\/asesoria-digital\/\">asesor\u00eda digital<\/a><\/div>\n\n\n\n<div class=\"wp-block-button has-custom-width wp-block-button__width-75\"><a class=\"wp-block-button__link wp-element-button\" href=\"https:\/\/grupoinvesnex.com\/admin\/\">gesti\u00f3n administrativa<\/a><\/div>\n<\/div>\n<\/div>\n<\/div>\n\n\n\n<div class=\"wp-block-uagb-container uagb-block-55152953\">\n<div class=\"wp-block-uagb-advanced-heading uagb-block-964a40a2\"><h2 class=\"uagb-heading-text\">Asesor\u00eda jur\u00eddica<\/h2><\/div>\n\n\n\n<p>Un departamento jur\u00eddico cuyos principales&nbsp;<strong>valores<\/strong>,&nbsp;<strong>cercan\u00eda<\/strong>,&nbsp;<strong>solvencia<\/strong>&nbsp;y&nbsp;<strong>eficacia<\/strong>, le aportar\u00e1n la&nbsp;<strong>seguridad jur\u00eddica<\/strong>&nbsp;que su empresa necesita.<\/p>\n\n\n\n<ul class=\"wp-block-list\">\n<li><strong>Litigiosidad Laboral y Seguridad Social<\/strong>, incluyendo la asistencia jur\u00eddica ante \u00f3rganos administrativos y representaci\u00f3n procesal ante los \u00f3rganos jurisdiccionales.<\/li>\n\n\n\n<li><strong>Reclamaciones frente a las Administraciones P\u00fablicas,&nbsp;<\/strong>particularmente frente a las resoluciones de la Administraci\u00f3n Tributaria, Seguridad Social o Urban\u00edstica.<\/li>\n\n\n\n<li><strong>Derecho Civil y de Familia<\/strong>, especialmente en&nbsp;<strong>asesoramiento de gesti\u00f3n patrimonial familiar<\/strong>&nbsp;y representaci\u00f3n en procedimientos de Sucesiones y Donaciones, as\u00ed como en reclamaciones procesales de impagos.<\/li>\n\n\n\n<li><strong>Defensa en el Orden Penal<\/strong>, de manera m\u00e1s frecuente ante procedimientos derivados de posibles delitos Tributarios o de Seguridad Social.<\/li>\n<\/ul>\n<\/div>\n<\/div><\/div>\n\n\n\n<p><\/p>","protected":false},"excerpt":{"rendered":"<p>Servicios Asesor\u00eda jur\u00eddica Un departamento jur\u00eddico cuyos principales&nbsp;valores,&nbsp;cercan\u00eda,&nbsp;solvencia&nbsp;y&nbsp;eficacia, le aportar\u00e1n la&nbsp;seguridad jur\u00eddica&nbsp;que su empresa necesita.<\/p>","protected":false},"author":1,"featured_media":0,"parent":0,"menu_order":0,"comment_status":"closed","ping_status":"closed","template":"","meta":{"_uag_custom_page_level_css":"","site-sidebar-layout":"default","site-content-layout":"","ast-site-content-layout":"default","site-content-style":"default","site-sidebar-style":"default","ast-global-header-display":"","ast-banner-title-visibility":"","ast-main-header-display":"","ast-hfb-above-header-display":"","ast-hfb-below-header-display":"","ast-hfb-mobile-header-display":"","site-post-title":"","ast-breadcrumbs-content":"","ast-featured-img":"","footer-sml-layout":"","theme-transparent-header-meta":"","adv-header-id-meta":"","stick-header-meta":"","header-above-stick-meta":"","header-main-stick-meta":"","header-below-stick-meta":"","astra-migrate-meta-layouts":"set","ast-page-background-enabled":"default","ast-page-background-meta":{"desktop":{"background-color":"var(--ast-global-color-4)","background-image":"","background-repeat":"repeat","background-position":"center center","background-size":"auto","background-attachment":"scroll","background-type":"","background-media":"","overlay-type":"","overlay-color":"","overlay-opacity":"","overlay-gradient":""},"tablet":{"background-color":"","background-image":"","background-repeat":"repeat","background-position":"center center","background-size":"auto","background-attachment":"scroll","background-type":"","background-media":"","overlay-type":"","overlay-color":"","overlay-opacity":"","overlay-gradient":""},"mobile":{"background-color":"","background-image":"","background-repeat":"repeat","background-position":"center center","background-size":"auto","background-attachment":"scroll","background-type":"","background-media":"","overlay-type":"","overlay-color":"","overlay-opacity":"","overlay-gradient":""}},"ast-content-background-meta":{"desktop":{"background-color":"var(--ast-global-color-5)","background-image":"","background-repeat":"repeat","background-position":"center center","background-size":"auto","background-attachment":"scroll","background-type":"","background-media":"","overlay-type":"","overlay-color":"","overlay-opacity":"","overlay-gradient":""},"tablet":{"background-color":"var(--ast-global-color-5)","background-image":"","background-repeat":"repeat","background-position":"center center","background-size":"auto","background-attachment":"scroll","background-type":"","background-media":"","overlay-type":"","overlay-color":"","overlay-opacity":"","overlay-gradient":""},"mobile":{"background-color":"var(--ast-global-color-5)","background-image":"","background-repeat":"repeat","background-position":"center center","background-size":"auto","background-attachment":"scroll","background-type":"","background-media":"","overlay-type":"","overlay-color":"","overlay-opacity":"","overlay-gradient":""}},"footnotes":""},"class_list":["post-1417","page","type-page","status-publish","hentry"],"aioseo_notices":[],"uagb_featured_image_src":{"full":false,"thumbnail":false,"medium":false,"medium_large":false,"large":false,"1536x1536":false,"2048x2048":false,"trp-custom-language-flag":false,"wpca-thumb":false},"uagb_author_info":{"display_name":"Yeray L\u00f3pez","author_link":"https:\/\/grupoinvesnex.com\/en\/author\/invesnexgmail-com\/"},"uagb_comment_info":0,"uagb_excerpt":"Servicios Asesor\u00eda jur\u00eddica Un departamento jur\u00eddico cuyos principales&nbsp;valores,&nbsp;cercan\u00eda,&nbsp;solvencia&nbsp;y&nbsp;eficacia, le aportar\u00e1n la&nbsp;seguridad jur\u00eddica&nbsp;que su empresa necesita.","_links":{"self":[{"href":"https:\/\/grupoinvesnex.com\/en\/wp-json\/wp\/v2\/pages\/1417","targetHints":{"allow":["GET"]}}],"collection":[{"href":"https:\/\/grupoinvesnex.com\/en\/wp-json\/wp\/v2\/pages"}],"about":[{"href":"https:\/\/grupoinvesnex.com\/en\/wp-json\/wp\/v2\/types\/page"}],"author":[{"embeddable":true,"href":"https:\/\/grupoinvesnex.com\/en\/wp-json\/wp\/v2\/users\/1"}],"replies":[{"embeddable":true,"href":"https:\/\/grupoinvesnex.com\/en\/wp-json\/wp\/v2\/comments?post=1417"}],"version-history":[{"count":1,"href":"https:\/\/grupoinvesnex.com\/en\/wp-json\/wp\/v2\/pages\/1417\/revisions"}],"predecessor-version":[{"id":1500,"href":"https:\/\/grupoinvesnex.com\/en\/wp-json\/wp\/v2\/pages\/1417\/revisions\/1500"}],"wp:attachment":[{"href":"https:\/\/grupoinvesnex.com\/en\/wp-json\/wp\/v2\/media?parent=1417"}],"curies":[{"name":"wp","href":"https:\/\/api.w.org\/{rel}","templated":true}]}}