{"id":1409,"date":"2025-02-20T10:51:14","date_gmt":"2025-02-20T10:51:14","guid":{"rendered":"https:\/\/orange-swan-396485.hostingersite.com\/?page_id=1409"},"modified":"2025-02-21T09:55:26","modified_gmt":"2025-02-21T09:55:26","slug":"laboral","status":"publish","type":"page","link":"https:\/\/grupoinvesnex.com\/en\/laboral\/","title":{"rendered":"Laboral"},"content":{"rendered":"<div class=\"wp-block-uagb-container uagb-block-f5101158 alignfull uagb-is-root-container\"><div class=\"uagb-container-inner-blocks-wrap\">\n<hr class=\"wp-block-separator has-text-color has-ast-global-color-0-color has-alpha-channel-opacity has-ast-global-color-0-background-color has-background\"\/>\n\n\n\n<hr class=\"wp-block-separator has-text-color has-ast-global-color-0-color has-alpha-channel-opacity has-ast-global-color-0-background-color has-background\" style=\"margin-top:var(--wp--preset--spacing--50);margin-bottom:var(--wp--preset--spacing--50)\"\/>\n\n\n\n<div class=\"wp-block-uagb-advanced-heading uagb-block-f650401f\"><h1 class=\"uagb-heading-text\">Servicios<\/h1><\/div>\n\n\n\n<hr class=\"wp-block-separator has-text-color has-ast-global-color-0-color has-alpha-channel-opacity has-ast-global-color-0-background-color has-background\" style=\"margin-top:var(--wp--preset--spacing--50);margin-bottom:var(--wp--preset--spacing--50)\"\/>\n<\/div><\/div>\n\n\n\n<p><\/p>\n\n\n\n<div class=\"wp-block-uagb-container uagb-block-1f51b079 alignfull uagb-is-root-container\"><div class=\"uagb-container-inner-blocks-wrap\">\n<div class=\"wp-block-uagb-container uagb-block-c20ac219\">\n<div class=\"wp-block-uagb-container uagb-block-ce0417c7\">\n<div class=\"wp-block-buttons is-content-justification-center is-layout-flex wp-container-core-buttons-is-layout-1 wp-block-buttons-is-layout-flex\">\n<div class=\"wp-block-button has-custom-width wp-block-button__width-75\"><a class=\"wp-block-button__link wp-element-button\" href=\"https:\/\/grupoinvesnex.com\/fiscal-tributario\/\">Fiscal &#8211; Tributario<\/a><\/div>\n\n\n\n<div class=\"wp-block-button has-custom-width wp-block-button__width-75 is-style-fill\"><a class=\"wp-block-button__link wp-element-button\" href=\"https:\/\/grupoinvesnex.com\/laboral\/\">Laboral<\/a><\/div>\n\n\n\n<div class=\"wp-block-button has-custom-width wp-block-button__width-75\"><a class=\"wp-block-button__link wp-element-button\" href=\"https:\/\/grupoinvesnex.com\/contable\/\">Contable<\/a><\/div>\n\n\n\n<div class=\"wp-block-button has-custom-width wp-block-button__width-75\"><a class=\"wp-block-button__link wp-element-button\" href=\"https:\/\/grupoinvesnex.com\/juridica\/\">Jur\u00eddica<\/a><\/div>\n\n\n\n<div class=\"wp-block-button has-custom-width wp-block-button__width-75\"><a class=\"wp-block-button__link wp-element-button\" href=\"https:\/\/grupoinvesnex.com\/financiera\/\">Financiera<\/a><\/div>\n\n\n\n<div class=\"wp-block-button has-custom-width wp-block-button__width-75\"><a class=\"wp-block-button__link wp-element-button\" href=\"https:\/\/grupoinvesnex.com\/consultoria-estrategica\/\">Consultor\u00eda estrat\u00e9gica<\/a><\/div>\n\n\n\n<div class=\"wp-block-button has-custom-width wp-block-button__width-75\"><a class=\"wp-block-button__link wp-element-button\" href=\"https:\/\/grupoinvesnex.com\/asesoria-mercantil\/\">asesor\u00eda mercant\u00edl<\/a><\/div>\n\n\n\n<div class=\"wp-block-button has-custom-width wp-block-button__width-75\"><a class=\"wp-block-button__link wp-element-button\" href=\"https:\/\/grupoinvesnex.com\/asesoria-digital\/\">asesor\u00eda digital<\/a><\/div>\n\n\n\n<div class=\"wp-block-button has-custom-width wp-block-button__width-75\"><a class=\"wp-block-button__link wp-element-button\" href=\"https:\/\/grupoinvesnex.com\/admin\/\">gesti\u00f3n administrativa<\/a><\/div>\n<\/div>\n<\/div>\n<\/div>\n\n\n\n<div class=\"wp-block-uagb-container uagb-block-55152953\">\n<div class=\"wp-block-uagb-advanced-heading uagb-block-964a40a2\"><h2 class=\"uagb-heading-text\">Asesor\u00eda laboral<\/h2><\/div>\n\n\n\n<p>El contacto permanente con el cliente y la resoluci\u00f3n inmediata de las incidencias resultan claves. A continuaci\u00f3n se detallan los principales servicios que ofrecemos:<\/p>\n\n\n\n<ul class=\"wp-block-list\">\n<li><strong>Asesoramiento continuado&nbsp;<\/strong>y atenci\u00f3n a consultas de car\u00e1cter laboral y de prevenci\u00f3n de riesgos laborales.<\/li>\n\n\n\n<li>An\u00e1lisis del impacto en la empresa de los&nbsp;<strong>cambios en la normativa laboral<\/strong>.<\/li>\n\n\n\n<li>Estudio de las diferentes opciones de&nbsp;<strong>contratos laborales<\/strong>&nbsp;a realizar y&nbsp;<strong>bonificaciones aplicables<\/strong>.<\/li>\n\n\n\n<li>Gestiones del aut\u00f3nomo con la Seguridad Social.<\/li>\n\n\n\n<li>Atenci\u00f3n a requerimientos, gestiones y procedimientos de revisi\u00f3n e&nbsp;<strong>inspecci\u00f3n laboral<\/strong>&nbsp;derivada de actuaciones iniciadas por este despacho.<\/li>\n\n\n\n<li>Elaboraci\u00f3n de&nbsp;<strong>n\u00f3minas<\/strong>&nbsp;y&nbsp;<strong>seguros sociales<\/strong>.<\/li>\n\n\n\n<li>Estudio y elaboraci\u00f3n de&nbsp;<strong>despidos<\/strong>&nbsp;y&nbsp;<strong>finiquitos<\/strong>.<\/li>\n\n\n\n<li>Tramitaci\u00f3n de&nbsp;<strong>partes de baja<\/strong>&nbsp;y&nbsp;<strong>alta<\/strong>&nbsp;de enfermedad y accidentes de trabajo.<\/li>\n\n\n\n<li>An\u00e1lisis y elaboraci\u00f3n del&nbsp;<strong>modelo 111<\/strong>&nbsp;y&nbsp;<strong>190<\/strong>&nbsp;(retenciones e ingresos a cuenta del IRPF).<\/li>\n\n\n\n<li>Emisi\u00f3n de&nbsp;<strong>certificados<\/strong>&nbsp;de estar al corriente.<\/li>\n\n\n\n<li><strong>Certificados de empresa<\/strong>&nbsp;para el&nbsp;<strong>desempleo<\/strong>&nbsp;y de&nbsp;<strong>retenciones<\/strong>&nbsp;para trabajadores y profesionales.<\/li>\n<\/ul>\n<\/div>\n<\/div><\/div>\n\n\n\n<p><\/p>","protected":false},"excerpt":{"rendered":"<p>Servicios Asesor\u00eda laboral El contacto permanente con el cliente y la resoluci\u00f3n inmediata de las incidencias resultan claves. A continuaci\u00f3n se detallan los principales servicios que ofrecemos:<\/p>","protected":false},"author":1,"featured_media":0,"parent":0,"menu_order":0,"comment_status":"closed","ping_status":"closed","template":"","meta":{"_uag_custom_page_level_css":"","site-sidebar-layout":"default","site-content-layout":"","ast-site-content-layout":"default","site-content-style":"default","site-sidebar-style":"default","ast-global-header-display":"","ast-banner-title-visibility":"","ast-main-header-display":"","ast-hfb-above-header-display":"","ast-hfb-below-header-display":"","ast-hfb-mobile-header-display":"","site-post-title":"","ast-breadcrumbs-content":"","ast-featured-img":"","footer-sml-layout":"","theme-transparent-header-meta":"","adv-header-id-meta":"","stick-header-meta":"","header-above-stick-meta":"","header-main-stick-meta":"","header-below-stick-meta":"","astra-migrate-meta-layouts":"set","ast-page-background-enabled":"default","ast-page-background-meta":{"desktop":{"background-color":"var(--ast-global-color-4)","background-image":"","background-repeat":"repeat","background-position":"center center","background-size":"auto","background-attachment":"scroll","background-type":"","background-media":"","overlay-type":"","overlay-color":"","overlay-opacity":"","overlay-gradient":""},"tablet":{"background-color":"","background-image":"","background-repeat":"repeat","background-position":"center center","background-size":"auto","background-attachment":"scroll","background-type":"","background-media":"","overlay-type":"","overlay-color":"","overlay-opacity":"","overlay-gradient":""},"mobile":{"background-color":"","background-image":"","background-repeat":"repeat","background-position":"center center","background-size":"auto","background-attachment":"scroll","background-type":"","background-media":"","overlay-type":"","overlay-color":"","overlay-opacity":"","overlay-gradient":""}},"ast-content-background-meta":{"desktop":{"background-color":"var(--ast-global-color-5)","background-image":"","background-repeat":"repeat","background-position":"center center","background-size":"auto","background-attachment":"scroll","background-type":"","background-media":"","overlay-type":"","overlay-color":"","overlay-opacity":"","overlay-gradient":""},"tablet":{"background-color":"var(--ast-global-color-5)","background-image":"","background-repeat":"repeat","background-position":"center center","background-size":"auto","background-attachment":"scroll","background-type":"","background-media":"","overlay-type":"","overlay-color":"","overlay-opacity":"","overlay-gradient":""},"mobile":{"background-color":"var(--ast-global-color-5)","background-image":"","background-repeat":"repeat","background-position":"center center","background-size":"auto","background-attachment":"scroll","background-type":"","background-media":"","overlay-type":"","overlay-color":"","overlay-opacity":"","overlay-gradient":""}},"footnotes":""},"class_list":["post-1409","page","type-page","status-publish","hentry"],"aioseo_notices":[],"uagb_featured_image_src":{"full":false,"thumbnail":false,"medium":false,"medium_large":false,"large":false,"1536x1536":false,"2048x2048":false,"trp-custom-language-flag":false,"wpca-thumb":false},"uagb_author_info":{"display_name":"Yeray L\u00f3pez","author_link":"https:\/\/grupoinvesnex.com\/en\/author\/invesnexgmail-com\/"},"uagb_comment_info":0,"uagb_excerpt":"Servicios Asesor\u00eda laboral El contacto permanente con el cliente y la resoluci\u00f3n inmediata de las incidencias resultan claves. A continuaci\u00f3n se detallan los principales servicios que ofrecemos:","_links":{"self":[{"href":"https:\/\/grupoinvesnex.com\/en\/wp-json\/wp\/v2\/pages\/1409","targetHints":{"allow":["GET"]}}],"collection":[{"href":"https:\/\/grupoinvesnex.com\/en\/wp-json\/wp\/v2\/pages"}],"about":[{"href":"https:\/\/grupoinvesnex.com\/en\/wp-json\/wp\/v2\/types\/page"}],"author":[{"embeddable":true,"href":"https:\/\/grupoinvesnex.com\/en\/wp-json\/wp\/v2\/users\/1"}],"replies":[{"embeddable":true,"href":"https:\/\/grupoinvesnex.com\/en\/wp-json\/wp\/v2\/comments?post=1409"}],"version-history":[{"count":1,"href":"https:\/\/grupoinvesnex.com\/en\/wp-json\/wp\/v2\/pages\/1409\/revisions"}],"predecessor-version":[{"id":1498,"href":"https:\/\/grupoinvesnex.com\/en\/wp-json\/wp\/v2\/pages\/1409\/revisions\/1498"}],"wp:attachment":[{"href":"https:\/\/grupoinvesnex.com\/en\/wp-json\/wp\/v2\/media?parent=1409"}],"curies":[{"name":"wp","href":"https:\/\/api.w.org\/{rel}","templated":true}]}}